{"id":11,"date":"2019-07-04T12:05:28","date_gmt":"2019-07-04T10:05:28","guid":{"rendered":"http:\/\/localhost:8888\/drdjian\/?page_id=11"},"modified":"2026-03-31T13:36:57","modified_gmt":"2026-03-31T13:36:57","slug":"home-2","status":"publish","type":"page","link":"https:\/\/docteurdjian.com\/en\/","title":{"rendered":"Home"},"content":{"rendered":"<p>aa<\/p>","protected":false},"excerpt":{"rendered":"<p>aa<\/p>","protected":false},"author":2,"featured_media":0,"parent":0,"menu_order":0,"comment_status":"open","ping_status":"closed","template":"templates\/template-home.php","meta":{"_acf_changed":false,"inline_featured_image":false,"footnotes":""},"class_list":["post-11","page","type-page","status-publish","hentry"],"acf":[],"yoast_head":"<!-- This site is optimized with the Yoast SEO Premium plugin v24.5 (Yoast SEO v27.1.1) - https:\/\/yoast.com\/product\/yoast-seo-premium-wordpress\/ -->\n<title>Chirurgien esth\u00e9tique \u00e0 Paris 16\u00e8me | Docteur J\u00e9r\u00e9my DJIAN<\/title>\n<meta name=\"description\" content=\"Reconnu en chirurgie esth\u00e9tique, faites confiance au Dr Djian pour corriger vos imperfections : poitrine, silhouette, visage.\" \/>\n<meta name=\"robots\" content=\"index, follow, max-snippet:-1, max-image-preview:large, max-video-preview:-1\" \/>\n<link rel=\"canonical\" href=\"https:\/\/docteurdjian.com\/en\/\" \/>\n<meta property=\"og:locale\" content=\"en_US\" \/>\n<meta property=\"og:type\" content=\"article\" \/>\n<meta property=\"og:title\" content=\"Accueil\" \/>\n<meta property=\"og:description\" content=\"Reconnu en chirurgie esth\u00e9tique, faites confiance au Dr Djian pour corriger vos imperfections : poitrine, silhouette, visage.\" \/>\n<meta property=\"og:url\" content=\"https:\/\/docteurdjian.com\/en\/\" \/>\n<meta property=\"og:site_name\" content=\"Docteur DJIAN\" \/>\n<meta property=\"article:publisher\" content=\"https:\/\/www.facebook.com\/docteurdjian\" \/>\n<meta property=\"article:modified_time\" content=\"2026-03-31T13:36:57+00:00\" \/>\n<meta name=\"twitter:card\" content=\"summary_large_image\" \/>\n<meta name=\"twitter:site\" content=\"@djian_jeremy\" \/>\n<meta name=\"twitter:label1\" content=\"Est. reading time\" \/>\n\t<meta name=\"twitter:data1\" content=\"20 minutes\" \/>\n<script type=\"application\/ld+json\" class=\"yoast-schema-graph\">{\"@context\":\"https:\/\/schema.org\",\"@graph\":[{\"@type\":\"WebPage\",\"@id\":\"https:\/\/docteurdjian.com\/\",\"url\":\"https:\/\/docteurdjian.com\/\",\"name\":\"Chirurgien esth\u00e9tique \u00e0 Paris 16\u00e8me | Docteur J\u00e9r\u00e9my DJIAN\",\"isPartOf\":{\"@id\":\"https:\/\/docteurdjian.com\/#website\"},\"datePublished\":\"2019-07-04T10:05:28+00:00\",\"dateModified\":\"2026-03-31T13:36:57+00:00\",\"description\":\"Reconnu en chirurgie esth\u00e9tique, faites confiance au Dr Djian pour corriger vos imperfections : poitrine, silhouette, visage.\",\"breadcrumb\":{\"@id\":\"https:\/\/docteurdjian.com\/#breadcrumb\"},\"inLanguage\":\"en-US\",\"potentialAction\":[{\"@type\":\"ReadAction\",\"target\":[\"https:\/\/docteurdjian.com\/\"]}]},{\"@type\":\"BreadcrumbList\",\"@id\":\"https:\/\/docteurdjian.com\/#breadcrumb\",\"itemListElement\":[{\"@type\":\"ListItem\",\"position\":1,\"name\":\"Docteur Djian\",\"item\":\"https:\/\/docteurdjian.com\/\"},{\"@type\":\"ListItem\",\"position\":2,\"name\":\"Accueil\"}]},{\"@type\":\"WebSite\",\"@id\":\"https:\/\/docteurdjian.com\/#website\",\"url\":\"https:\/\/docteurdjian.com\/\",\"name\":\"Docteur DJIAN\",\"description\":\"Chirurgien esth\u00e9tique Paris\",\"publisher\":{\"@id\":\"https:\/\/docteurdjian.com\/#organization\"},\"potentialAction\":[{\"@type\":\"SearchAction\",\"target\":{\"@type\":\"EntryPoint\",\"urlTemplate\":\"https:\/\/docteurdjian.com\/?s={search_term_string}\"},\"query-input\":{\"@type\":\"PropertyValueSpecification\",\"valueRequired\":true,\"valueName\":\"search_term_string\"}}],\"inLanguage\":\"en-US\"},{\"@type\":\"Organization\",\"@id\":\"https:\/\/docteurdjian.com\/#organization\",\"name\":\"Dr J\u00e9r\u00e9my DJIAN\",\"alternateName\":\"Dr Djian\",\"url\":\"https:\/\/docteurdjian.com\/\",\"logo\":{\"@type\":\"ImageObject\",\"inLanguage\":\"en-US\",\"@id\":\"https:\/\/docteurdjian.com\/#\/schema\/logo\/image\/\",\"url\":\"https:\/\/docteurdjian.com\/wp-content\/uploads\/2019\/10\/favicon512.png\",\"contentUrl\":\"https:\/\/docteurdjian.com\/wp-content\/uploads\/2019\/10\/favicon512.png\",\"width\":512,\"height\":512,\"caption\":\"Dr J\u00e9r\u00e9my DJIAN\"},\"image\":{\"@id\":\"https:\/\/docteurdjian.com\/#\/schema\/logo\/image\/\"},\"sameAs\":[\"https:\/\/www.facebook.com\/docteurdjian\",\"https:\/\/x.com\/djian_jeremy\"],\"description\":\"Faites le choix d\u2019un m\u00e9decin sp\u00e9cialiste en chirurgie esth\u00e9tique \u00e0 Paris. Le Dr DJIAN se distingue par son \u00e9coute attentive des besoins de ses patient(e)s, son professionnalisme exemplaire, sa transparence et la recherche de r\u00e9sultats naturels et harmonieux.\",\"telephone\":\"01 88 33 61 61\",\"foundingDate\":\"2010-01-01\",\"vatID\":\"FR54879771681\",\"taxID\":\"87977168100035\",\"numberOfEmployees\":{\"@type\":\"QuantitativeValue\",\"minValue\":\"1\",\"maxValue\":\"10\"}}]}<\/script>\n<!-- \/ Yoast SEO Premium plugin. -->","yoast_head_json":{"title":"Plastic surgeon in Paris 16th district | Docteur J\u00e9r\u00e9my DJIAN","description":"A leading aesthetic surgeon, Dr Djian provides expert correction for breast, body and facial concerns.","robots":{"index":"index","follow":"follow","max-snippet":"max-snippet:-1","max-image-preview":"max-image-preview:large","max-video-preview":"max-video-preview:-1"},"canonical":"https:\/\/docteurdjian.com\/en\/","og_locale":"en_US","og_type":"article","og_title":"Accueil","og_description":"Reconnu en chirurgie esth\u00e9tique, faites confiance au Dr Djian pour corriger vos imperfections : poitrine, silhouette, visage.","og_url":"https:\/\/docteurdjian.com\/en\/","og_site_name":"Docteur DJIAN","article_publisher":"https:\/\/www.facebook.com\/docteurdjian","article_modified_time":"2026-03-31T13:36:57+00:00","twitter_card":"summary_large_image","twitter_site":"@djian_jeremy","twitter_misc":{"Est. reading time":"20 minutes"},"schema":{"@context":"https:\/\/schema.org","@graph":[{"@type":"WebPage","@id":"https:\/\/docteurdjian.com\/","url":"https:\/\/docteurdjian.com\/","name":"Plastic surgeon in Paris 16th district | Docteur J\u00e9r\u00e9my DJIAN","isPartOf":{"@id":"https:\/\/docteurdjian.com\/#website"},"datePublished":"2019-07-04T10:05:28+00:00","dateModified":"2026-03-31T13:36:57+00:00","description":"A leading aesthetic surgeon, Dr Djian provides expert correction for breast, body and facial concerns.","breadcrumb":{"@id":"https:\/\/docteurdjian.com\/#breadcrumb"},"inLanguage":"en-US","potentialAction":[{"@type":"ReadAction","target":["https:\/\/docteurdjian.com\/"]}]},{"@type":"BreadcrumbList","@id":"https:\/\/docteurdjian.com\/#breadcrumb","itemListElement":[{"@type":"ListItem","position":1,"name":"Docteur Djian","item":"https:\/\/docteurdjian.com\/"},{"@type":"ListItem","position":2,"name":"Accueil"}]},{"@type":"WebSite","@id":"https:\/\/docteurdjian.com\/#website","url":"https:\/\/docteurdjian.com\/","name":"Doctor DJIAN","description":"Plastic surgeon Paris","publisher":{"@id":"https:\/\/docteurdjian.com\/#organization"},"potentialAction":[{"@type":"SearchAction","target":{"@type":"EntryPoint","urlTemplate":"https:\/\/docteurdjian.com\/?s={search_term_string}"},"query-input":{"@type":"PropertyValueSpecification","valueRequired":true,"valueName":"search_term_string"}}],"inLanguage":"en-US"},{"@type":"Organization","@id":"https:\/\/docteurdjian.com\/#organization","name":"Dr J\u00e9r\u00e9my DJIAN","alternateName":"Dr Djian","url":"https:\/\/docteurdjian.com\/","logo":{"@type":"ImageObject","inLanguage":"en-US","@id":"https:\/\/docteurdjian.com\/#\/schema\/logo\/image\/","url":"https:\/\/docteurdjian.com\/wp-content\/uploads\/2019\/10\/favicon512.png","contentUrl":"https:\/\/docteurdjian.com\/wp-content\/uploads\/2019\/10\/favicon512.png","width":512,"height":512,"caption":"Dr J\u00e9r\u00e9my DJIAN"},"image":{"@id":"https:\/\/docteurdjian.com\/#\/schema\/logo\/image\/"},"sameAs":["https:\/\/www.facebook.com\/docteurdjian","https:\/\/x.com\/djian_jeremy"],"description":"Choose a doctor specializing in cosmetic surgery in Paris. Dr DJIAN stands out for his ability to listen attentively to his patients' needs, his exemplary professionalism, his transparency and his quest for natural, harmonious results.","telephone":"01 88 33 61 61","foundingDate":"2010-01-01","vatID":"FR54879771681","taxID":"87977168100035","numberOfEmployees":{"@type":"QuantitativeValue","minValue":"1","maxValue":"10"}}]}},"_links":{"self":[{"href":"https:\/\/docteurdjian.com\/en\/wp-json\/wp\/v2\/pages\/11","targetHints":{"allow":["GET"]}}],"collection":[{"href":"https:\/\/docteurdjian.com\/en\/wp-json\/wp\/v2\/pages"}],"about":[{"href":"https:\/\/docteurdjian.com\/en\/wp-json\/wp\/v2\/types\/page"}],"author":[{"embeddable":true,"href":"https:\/\/docteurdjian.com\/en\/wp-json\/wp\/v2\/users\/2"}],"replies":[{"embeddable":true,"href":"https:\/\/docteurdjian.com\/en\/wp-json\/wp\/v2\/comments?post=11"}],"version-history":[{"count":47,"href":"https:\/\/docteurdjian.com\/en\/wp-json\/wp\/v2\/pages\/11\/revisions"}],"predecessor-version":[{"id":15332,"href":"https:\/\/docteurdjian.com\/en\/wp-json\/wp\/v2\/pages\/11\/revisions\/15332"}],"wp:attachment":[{"href":"https:\/\/docteurdjian.com\/en\/wp-json\/wp\/v2\/media?parent=11"}],"curies":[{"name":"wp","href":"https:\/\/api.w.org\/{rel}","templated":true}]}}