{"id":73,"date":"2019-07-26T08:47:26","date_gmt":"2019-07-26T08:47:26","guid":{"rendered":"http:\/\/new.docteurdjian.com\/?page_id=73"},"modified":"2026-03-31T12:07:19","modified_gmt":"2026-03-31T12:07:19","slug":"a-propos","status":"publish","type":"page","link":"https:\/\/docteurdjian.com\/en\/a-propos\/","title":{"rendered":"ABOUT US"},"content":{"rendered":"","protected":false},"excerpt":{"rendered":"","protected":false},"author":2,"featured_media":0,"parent":0,"menu_order":0,"comment_status":"open","ping_status":"closed","template":"templates\/template-bio.php","meta":{"_acf_changed":false,"inline_featured_image":false,"footnotes":""},"class_list":["post-73","page","type-page","status-publish","hentry"],"acf":[],"yoast_head":"<!-- This site is optimized with the Yoast SEO Premium plugin v24.5 (Yoast SEO v27.4) - https:\/\/yoast.com\/product\/yoast-seo-premium-wordpress\/ -->\n<title>A propos du Docteur J\u00e9r\u00e9my Djian<\/title>\n<meta name=\"description\" content=\"D\u00e9couvrez le parcours du Dr Djian reconnu comme l&#039;un des meilleurs chirurgiens esth\u00e9tiques parisiens, Il vous re\u00e7oit \u00e0 son cabinet dans le 16e arrondissement.\" \/>\n<meta name=\"robots\" content=\"index, follow, max-snippet:-1, max-image-preview:large, max-video-preview:-1\" \/>\n<link rel=\"canonical\" href=\"https:\/\/docteurdjian.com\/en\/a-propos\/\" \/>\n<meta property=\"og:locale\" content=\"en_US\" \/>\n<meta property=\"og:type\" content=\"article\" \/>\n<meta property=\"og:title\" content=\"A PROPOS\" \/>\n<meta property=\"og:description\" content=\"D\u00e9couvrez le parcours du Dr Djian reconnu comme l&#039;un des meilleurs chirurgiens esth\u00e9tiques parisiens, Il vous re\u00e7oit \u00e0 son cabinet dans le 16e arrondissement.\" \/>\n<meta property=\"og:url\" content=\"https:\/\/docteurdjian.com\/en\/a-propos\/\" \/>\n<meta property=\"og:site_name\" content=\"Docteur DJIAN\" \/>\n<meta property=\"article:publisher\" content=\"https:\/\/www.facebook.com\/docteurdjian\" \/>\n<meta property=\"article:modified_time\" content=\"2026-03-31T12:07:19+00:00\" \/>\n<meta name=\"twitter:card\" content=\"summary_large_image\" \/>\n<meta name=\"twitter:site\" content=\"@djian_jeremy\" \/>\n<meta name=\"twitter:label1\" content=\"Est. reading time\" \/>\n\t<meta name=\"twitter:data1\" content=\"4 minutes\" \/>\n<script type=\"application\/ld+json\" class=\"yoast-schema-graph\">{\"@context\":\"https:\\\/\\\/schema.org\",\"@graph\":[{\"@type\":\"WebPage\",\"@id\":\"https:\\\/\\\/docteurdjian.com\\\/a-propos\\\/\",\"url\":\"https:\\\/\\\/docteurdjian.com\\\/a-propos\\\/\",\"name\":\"A propos du Docteur J\u00e9r\u00e9my Djian\",\"isPartOf\":{\"@id\":\"https:\\\/\\\/docteurdjian.com\\\/#website\"},\"datePublished\":\"2019-07-26T08:47:26+00:00\",\"dateModified\":\"2026-03-31T12:07:19+00:00\",\"description\":\"D\u00e9couvrez le parcours du Dr Djian reconnu comme l'un des meilleurs chirurgiens esth\u00e9tiques parisiens, Il vous re\u00e7oit \u00e0 son cabinet dans le 16e arrondissement.\",\"breadcrumb\":{\"@id\":\"https:\\\/\\\/docteurdjian.com\\\/a-propos\\\/#breadcrumb\"},\"inLanguage\":\"en-US\",\"potentialAction\":[{\"@type\":\"ReadAction\",\"target\":[\"https:\\\/\\\/docteurdjian.com\\\/a-propos\\\/\"]}]},{\"@type\":\"BreadcrumbList\",\"@id\":\"https:\\\/\\\/docteurdjian.com\\\/a-propos\\\/#breadcrumb\",\"itemListElement\":[{\"@type\":\"ListItem\",\"position\":1,\"name\":\"Docteur Djian\",\"item\":\"https:\\\/\\\/docteurdjian.com\\\/\"},{\"@type\":\"ListItem\",\"position\":2,\"name\":\"A PROPOS\"}]},{\"@type\":\"WebSite\",\"@id\":\"https:\\\/\\\/docteurdjian.com\\\/#website\",\"url\":\"https:\\\/\\\/docteurdjian.com\\\/\",\"name\":\"Docteur DJIAN\",\"description\":\"Chirurgien esth\u00e9tique Paris\",\"publisher\":{\"@id\":\"https:\\\/\\\/docteurdjian.com\\\/#organization\"},\"potentialAction\":[{\"@type\":\"SearchAction\",\"target\":{\"@type\":\"EntryPoint\",\"urlTemplate\":\"https:\\\/\\\/docteurdjian.com\\\/?s={search_term_string}\"},\"query-input\":{\"@type\":\"PropertyValueSpecification\",\"valueRequired\":true,\"valueName\":\"search_term_string\"}}],\"inLanguage\":\"en-US\"},{\"@type\":\"Organization\",\"@id\":\"https:\\\/\\\/docteurdjian.com\\\/#organization\",\"name\":\"Dr J\u00e9r\u00e9my DJIAN\",\"alternateName\":\"Dr Djian\",\"url\":\"https:\\\/\\\/docteurdjian.com\\\/\",\"logo\":{\"@type\":\"ImageObject\",\"inLanguage\":\"en-US\",\"@id\":\"https:\\\/\\\/docteurdjian.com\\\/#\\\/schema\\\/logo\\\/image\\\/\",\"url\":\"https:\\\/\\\/docteurdjian.com\\\/wp-content\\\/uploads\\\/2019\\\/10\\\/favicon512.png\",\"contentUrl\":\"https:\\\/\\\/docteurdjian.com\\\/wp-content\\\/uploads\\\/2019\\\/10\\\/favicon512.png\",\"width\":512,\"height\":512,\"caption\":\"Dr J\u00e9r\u00e9my DJIAN\"},\"image\":{\"@id\":\"https:\\\/\\\/docteurdjian.com\\\/#\\\/schema\\\/logo\\\/image\\\/\"},\"sameAs\":[\"https:\\\/\\\/www.facebook.com\\\/docteurdjian\",\"https:\\\/\\\/x.com\\\/djian_jeremy\",\"https:\\\/\\\/www.instagram.com\\\/docteurdjian\\\/\",\"https:\\\/\\\/www.linkedin.com\\\/in\\\/docteur-jeremy-djian-996b3795\\\/\"],\"telephone\":\"+33188336161\",\"address\":{\"@type\":\"PostalAddress\",\"streetAddress\":\"5 Square Thiers\",\"addressLocality\":\"Paris\",\"postalCode\":\"75016\",\"addressCountry\":\"FR\"},\"openingHoursSpecification\":[{\"@type\":\"OpeningHoursSpecification\",\"dayOfWeek\":\"Monday\",\"opens\":\"09:00\",\"closes\":\"16:00\"},{\"@type\":\"OpeningHoursSpecification\",\"dayOfWeek\":\"Tuesday\",\"opens\":\"09:00\",\"closes\":\"19:30\"},{\"@type\":\"OpeningHoursSpecification\",\"dayOfWeek\":\"Wednesday\",\"opens\":\"09:00\",\"closes\":\"18:00\"},{\"@type\":\"OpeningHoursSpecification\",\"dayOfWeek\":\"Thursday\",\"opens\":\"09:00\",\"closes\":\"19:30\"}],\"description\":\"Faites le choix d\u2019un m\u00e9decin sp\u00e9cialiste en chirurgie esth\u00e9tique \u00e0 Paris. Le Dr DJIAN se distingue par son \u00e9coute attentive des besoins de ses patient(e)s, son professionnalisme exemplaire, sa transparence et la recherche de r\u00e9sultats naturels et harmonieux.\",\"foundingDate\":\"2010-01-01\",\"vatID\":\"FR54879771681\",\"taxID\":\"87977168100035\",\"numberOfEmployees\":{\"@type\":\"QuantitativeValue\",\"minValue\":\"1\",\"maxValue\":\"10\"}}]}<\/script>\n<!-- \/ Yoast SEO Premium plugin. -->","yoast_head_json":{"title":"About Dr. J\u00e9r\u00e9my Djian","description":"Discover the career of Dr. Djian, recognized as one of the best aesthetic surgeons in Paris. He welcomes you to his practice in the 16th arrondissement.","robots":{"index":"index","follow":"follow","max-snippet":"max-snippet:-1","max-image-preview":"max-image-preview:large","max-video-preview":"max-video-preview:-1"},"canonical":"https:\/\/docteurdjian.com\/en\/a-propos\/","og_locale":"en_US","og_type":"article","og_title":"A PROPOS","og_description":"D\u00e9couvrez le parcours du Dr Djian reconnu comme l'un des meilleurs chirurgiens esth\u00e9tiques parisiens, Il vous re\u00e7oit \u00e0 son cabinet dans le 16e arrondissement.","og_url":"https:\/\/docteurdjian.com\/en\/a-propos\/","og_site_name":"Docteur DJIAN","article_publisher":"https:\/\/www.facebook.com\/docteurdjian","article_modified_time":"2026-03-31T12:07:19+00:00","twitter_card":"summary_large_image","twitter_site":"@djian_jeremy","twitter_misc":{"Est. reading time":"4 minutes"},"schema":{"@context":"https:\/\/schema.org","@graph":[{"@type":"WebPage","@id":"https:\/\/docteurdjian.com\/a-propos\/","url":"https:\/\/docteurdjian.com\/a-propos\/","name":"About Dr. J\u00e9r\u00e9my Djian","isPartOf":{"@id":"https:\/\/docteurdjian.com\/#website"},"datePublished":"2019-07-26T08:47:26+00:00","dateModified":"2026-03-31T12:07:19+00:00","description":"Discover the career of Dr. Djian, recognized as one of the best aesthetic surgeons in Paris. He welcomes you to his practice in the 16th arrondissement.","breadcrumb":{"@id":"https:\/\/docteurdjian.com\/a-propos\/#breadcrumb"},"inLanguage":"en-US","potentialAction":[{"@type":"ReadAction","target":["https:\/\/docteurdjian.com\/a-propos\/"]}]},{"@type":"BreadcrumbList","@id":"https:\/\/docteurdjian.com\/a-propos\/#breadcrumb","itemListElement":[{"@type":"ListItem","position":1,"name":"Docteur Djian","item":"https:\/\/docteurdjian.com\/"},{"@type":"ListItem","position":2,"name":"A PROPOS"}]},{"@type":"WebSite","@id":"https:\/\/docteurdjian.com\/#website","url":"https:\/\/docteurdjian.com\/","name":"Doctor DJIAN","description":"Plastic surgeon Paris","publisher":{"@id":"https:\/\/docteurdjian.com\/#organization"},"potentialAction":[{"@type":"SearchAction","target":{"@type":"EntryPoint","urlTemplate":"https:\/\/docteurdjian.com\/?s={search_term_string}"},"query-input":{"@type":"PropertyValueSpecification","valueRequired":true,"valueName":"search_term_string"}}],"inLanguage":"en-US"},{"@type":"Organization","@id":"https:\/\/docteurdjian.com\/#organization","name":"Dr J\u00e9r\u00e9my DJIAN","alternateName":"Dr Djian","url":"https:\/\/docteurdjian.com\/","logo":{"@type":"ImageObject","inLanguage":"en-US","@id":"https:\/\/docteurdjian.com\/#\/schema\/logo\/image\/","url":"https:\/\/docteurdjian.com\/wp-content\/uploads\/2019\/10\/favicon512.png","contentUrl":"https:\/\/docteurdjian.com\/wp-content\/uploads\/2019\/10\/favicon512.png","width":512,"height":512,"caption":"Dr J\u00e9r\u00e9my DJIAN"},"image":{"@id":"https:\/\/docteurdjian.com\/#\/schema\/logo\/image\/"},"sameAs":["https:\/\/www.facebook.com\/docteurdjian","https:\/\/x.com\/djian_jeremy","https:\/\/www.instagram.com\/docteurdjian\/","https:\/\/www.linkedin.com\/in\/docteur-jeremy-djian-996b3795\/"],"telephone":"+33188336161","address":{"@type":"PostalAddress","streetAddress":"5 Square Thiers","addressLocality":"Paris","postalCode":"75016","addressCountry":"FR"},"openingHoursSpecification":[{"@type":"OpeningHoursSpecification","dayOfWeek":"Monday","opens":"09:00","closes":"16:00"},{"@type":"OpeningHoursSpecification","dayOfWeek":"Tuesday","opens":"09:00","closes":"19:30"},{"@type":"OpeningHoursSpecification","dayOfWeek":"Wednesday","opens":"09:00","closes":"18:00"},{"@type":"OpeningHoursSpecification","dayOfWeek":"Thursday","opens":"09:00","closes":"19:30"}],"description":"Choose a doctor specializing in cosmetic surgery in Paris. Dr DJIAN stands out for his ability to listen attentively to his patients' needs, his exemplary professionalism, his transparency and his quest for natural, harmonious results.","foundingDate":"2010-01-01","vatID":"FR54879771681","taxID":"87977168100035","numberOfEmployees":{"@type":"QuantitativeValue","minValue":"1","maxValue":"10"}}]}},"_links":{"self":[{"href":"https:\/\/docteurdjian.com\/en\/wp-json\/wp\/v2\/pages\/73","targetHints":{"allow":["GET"]}}],"collection":[{"href":"https:\/\/docteurdjian.com\/en\/wp-json\/wp\/v2\/pages"}],"about":[{"href":"https:\/\/docteurdjian.com\/en\/wp-json\/wp\/v2\/types\/page"}],"author":[{"embeddable":true,"href":"https:\/\/docteurdjian.com\/en\/wp-json\/wp\/v2\/users\/2"}],"replies":[{"embeddable":true,"href":"https:\/\/docteurdjian.com\/en\/wp-json\/wp\/v2\/comments?post=73"}],"version-history":[{"count":10,"href":"https:\/\/docteurdjian.com\/en\/wp-json\/wp\/v2\/pages\/73\/revisions"}],"predecessor-version":[{"id":15090,"href":"https:\/\/docteurdjian.com\/en\/wp-json\/wp\/v2\/pages\/73\/revisions\/15090"}],"wp:attachment":[{"href":"https:\/\/docteurdjian.com\/en\/wp-json\/wp\/v2\/media?parent=73"}],"curies":[{"name":"wp","href":"https:\/\/api.w.org\/{rel}","templated":true}]}}